{"id":13104,"date":"2025-03-11T22:19:27","date_gmt":"2025-03-11T22:19:27","guid":{"rendered":"https:\/\/slxtest.wpengine.com\/skalierbare-intelligente-plattform\/"},"modified":"2026-01-26T15:44:09","modified_gmt":"2026-01-26T15:44:09","slug":"skalierbare-intelligente-plattform","status":"publish","type":"page","link":"https:\/\/shoplogix.com\/de\/warum-shoplogix\/skalierbare-intelligente-plattform\/","title":{"rendered":"Skalierbare intelligente Plattform"},"content":{"rendered":"\t\t<div data-elementor-type=\"wp-page\" data-elementor-id=\"13104\" class=\"elementor elementor-13104 elementor-8676\" data-elementor-post-type=\"page\">\n\t\t\t\t<div class=\"elementor-element elementor-element-8ca5714 hm-main-sec overflow-hidden e-flex e-con-boxed e-con e-parent\" data-id=\"8ca5714\" data-element_type=\"container\" data-e-type=\"container\" data-settings=\"{&quot;background_background&quot;:&quot;gradient&quot;}\">\n\t\t\t\t\t<div class=\"e-con-inner\">\n\t\t<div class=\"elementor-element elementor-element-a745819 e-con-full e-flex e-con e-child\" data-id=\"a745819\" data-element_type=\"container\" data-e-type=\"container\">\n\t\t\t\t<div class=\"elementor-element elementor-element-eec07d8 elementor-widget elementor-widget-image\" data-id=\"eec07d8\" data-element_type=\"widget\" data-e-type=\"widget\" data-widget_type=\"image.default\">\n\t\t\t\t\t\t\t\t\t\t\t\t\t\t\t<img decoding=\"async\" width=\"226\" height=\"56\" data-src=\"https:\/\/shoplogix.com\/wp-content\/uploads\/2025\/03\/Scalable-Smart-Platform.svg\" class=\"attachment-full size-full wp-image-13105 lazyload\" alt=\"\" src=\"data:image\/svg+xml;base64,PHN2ZyB3aWR0aD0iMSIgaGVpZ2h0PSIxIiB4bWxucz0iaHR0cDovL3d3dy53My5vcmcvMjAwMC9zdmciPjwvc3ZnPg==\" style=\"--smush-placeholder-width: 226px; --smush-placeholder-aspect-ratio: 226\/56;\" \/>\t\t\t\t\t\t\t\t\t\t\t\t\t\t\t<\/div>\n\t\t\t\t<div class=\"elementor-element elementor-element-79b90c6 elementor-widget__width-initial elementor-widget elementor-widget-heading\" data-id=\"79b90c6\" data-element_type=\"widget\" data-e-type=\"widget\" data-widget_type=\"heading.default\">\n\t\t\t\t\t<h1 class=\"elementor-heading-title elementor-size-default\">Skalieren Sie Ihre Erfolge auf mehrere Werke.\n ohne die \u00fcblichen Wachstumsschmerzen<\/h1>\t\t\t\t<\/div>\n\t\t<div class=\"elementor-element elementor-element-687285f e-con-full e-flex e-con e-child\" data-id=\"687285f\" data-element_type=\"container\" data-e-type=\"container\" data-settings=\"{&quot;background_background&quot;:&quot;classic&quot;}\">\n\t\t\t\t<div class=\"elementor-element elementor-element-5079e28 elementor-widget__width-initial elementor-widget elementor-widget-text-editor\" data-id=\"5079e28\" data-element_type=\"widget\" data-e-type=\"widget\" data-widget_type=\"text-editor.default\">\n\t\t\t\t\t\t\t\t\t<p><strong>Seit \u00fcber 20 Jahren unterst\u00fctzen wir Hersteller dabei, ihre \u00dcberwachungssysteme \u00fcber verschiedene Werke und Regionen hinweg auszuweiten.<\/strong>  Unsere Plattform ist so flexibel, dass sich jeder Konfigurationsfehler problemlos und ohne gro\u00dfen Aufwand beheben l\u00e4sst.<\/p>\t\t\t\t\t\t\t\t<\/div>\n\t\t\t\t<div class=\"elementor-element elementor-element-165e805 elementor-widget__width-initial elementor-align-right elementor-mobile-align-center elementor-widget elementor-widget-button\" data-id=\"165e805\" data-element_type=\"widget\" data-e-type=\"widget\" data-widget_type=\"button.default\">\n\t\t\t\t\t\t\t\t\t\t<a class=\"elementor-button elementor-button-link elementor-size-sm\" href=\"https:\/\/shoplogix.com\/de\/kontaktinformationen\/\">\n\t\t\t\t\t\t<span class=\"elementor-button-content-wrapper\">\n\t\t\t\t\t\t\t\t\t<span class=\"elementor-button-text\">Los geht's<\/span>\n\t\t\t\t\t<\/span>\n\t\t\t\t\t<\/a>\n\t\t\t\t\t\t\t\t<\/div>\n\t\t\t\t<\/div>\n\t\t\t\t<div class=\"elementor-element elementor-element-f149bb6 elementor-hidden-mobile elementor-widget elementor-widget-image\" data-id=\"f149bb6\" data-element_type=\"widget\" data-e-type=\"widget\" data-widget_type=\"image.default\">\n\t\t\t\t\t\t\t\t\t\t\t\t\t\t\t<img fetchpriority=\"high\" decoding=\"async\" width=\"996\" height=\"379\" src=\"https:\/\/shoplogix.com\/wp-content\/uploads\/2025\/03\/Scale-your-wins.jpg\" class=\"attachment-full size-full wp-image-13106\" alt=\"\" srcset=\"https:\/\/shoplogix.wpenginepowered.com\/wp-content\/uploads\/2025\/03\/Scale-your-wins.jpg 996w, https:\/\/shoplogix.wpenginepowered.com\/wp-content\/uploads\/2025\/03\/Scale-your-wins-300x114.jpg 300w, https:\/\/shoplogix.wpenginepowered.com\/wp-content\/uploads\/2025\/03\/Scale-your-wins-768x292.jpg 768w\" sizes=\"(max-width: 996px) 100vw, 996px\" \/>\t\t\t\t\t\t\t\t\t\t\t\t\t\t\t<\/div>\n\t\t\t\t<div class=\"elementor-element elementor-element-d78030f elementor-hidden-desktop elementor-hidden-tablet elementor-widget elementor-widget-image\" data-id=\"d78030f\" data-element_type=\"widget\" data-e-type=\"widget\" data-widget_type=\"image.default\">\n\t\t\t\t\t\t\t\t\t\t\t\t\t\t\t<img decoding=\"async\" width=\"480\" height=\"569\" data-src=\"https:\/\/shoplogix.com\/wp-content\/uploads\/2025\/03\/Image-2.jpg\" class=\"attachment-full size-full wp-image-13109 lazyload\" alt=\"\" data-srcset=\"https:\/\/shoplogix.wpenginepowered.com\/wp-content\/uploads\/2025\/03\/Image-2.jpg 480w, https:\/\/shoplogix.wpenginepowered.com\/wp-content\/uploads\/2025\/03\/Image-2-253x300.jpg 253w\" data-sizes=\"(max-width: 480px) 100vw, 480px\" src=\"data:image\/svg+xml;base64,PHN2ZyB3aWR0aD0iMSIgaGVpZ2h0PSIxIiB4bWxucz0iaHR0cDovL3d3dy53My5vcmcvMjAwMC9zdmciPjwvc3ZnPg==\" style=\"--smush-placeholder-width: 480px; --smush-placeholder-aspect-ratio: 480\/569;\" \/>\t\t\t\t\t\t\t\t\t\t\t\t\t\t\t<\/div>\n\t\t\t\t<\/div>\n\t\t\t\t\t<\/div>\n\t\t\t\t<\/div>\n\t\t<div class=\"elementor-element elementor-element-5d2cc5e e-con-full fade-25 e-flex e-con e-parent\" data-id=\"5d2cc5e\" data-element_type=\"container\" data-e-type=\"container\">\n\t\t<div class=\"elementor-element elementor-element-8d89bb2 e-con-full e-flex e-con e-child\" data-id=\"8d89bb2\" data-element_type=\"container\" data-e-type=\"container\">\n\t\t\t\t<\/div>\n\t\t\t\t<\/div>\n\t\t<div class=\"elementor-element elementor-element-4f2c36d e-flex e-con-boxed e-con e-parent\" data-id=\"4f2c36d\" data-element_type=\"container\" data-e-type=\"container\">\n\t\t\t\t\t<div class=\"e-con-inner\">\n\t\t<div class=\"elementor-element elementor-element-9c70ba0 e-con-full e-flex e-con e-child\" data-id=\"9c70ba0\" data-element_type=\"container\" data-e-type=\"container\">\n\t\t\t\t<div class=\"elementor-element elementor-element-617aa16 elementor-widget elementor-widget-image\" data-id=\"617aa16\" data-element_type=\"widget\" data-e-type=\"widget\" data-widget_type=\"image.default\">\n\t\t\t\t\t\t\t\t\t\t\t\t\t\t\t<img decoding=\"async\" width=\"500\" height=\"540\" data-src=\"https:\/\/shoplogix.com\/wp-content\/uploads\/2025\/03\/Add-more-plants-.jpg\" class=\"attachment-large size-large wp-image-13107 lazyload\" alt=\"\" data-srcset=\"https:\/\/shoplogix.wpenginepowered.com\/wp-content\/uploads\/2025\/03\/Add-more-plants-.jpg 500w, https:\/\/shoplogix.wpenginepowered.com\/wp-content\/uploads\/2025\/03\/Add-more-plants--278x300.jpg 278w\" data-sizes=\"(max-width: 500px) 100vw, 500px\" src=\"data:image\/svg+xml;base64,PHN2ZyB3aWR0aD0iMSIgaGVpZ2h0PSIxIiB4bWxucz0iaHR0cDovL3d3dy53My5vcmcvMjAwMC9zdmciPjwvc3ZnPg==\" style=\"--smush-placeholder-width: 500px; --smush-placeholder-aspect-ratio: 500\/540;\" \/>\t\t\t\t\t\t\t\t\t\t\t\t\t\t\t<\/div>\n\t\t\t\t<\/div>\n\t\t<div class=\"elementor-element elementor-element-c0f6047 e-con-full e-flex e-con e-child\" data-id=\"c0f6047\" data-element_type=\"container\" data-e-type=\"container\">\n\t\t\t\t<div class=\"elementor-element elementor-element-f1b76aa elementor-widget elementor-widget-heading\" data-id=\"f1b76aa\" data-element_type=\"widget\" data-e-type=\"widget\" data-widget_type=\"heading.default\">\n\t\t\t\t\t<h2 class=\"elementor-heading-title elementor-size-default\">F\u00fcgen Sie weitere Pflanzen und Unterteilungen hinzu.\n eigenes Tempo<\/h2>\t\t\t\t<\/div>\n\t\t\t\t<div class=\"elementor-element elementor-element-3619340 elementor-widget__width-initial elementor-widget elementor-widget-text-editor\" data-id=\"3619340\" data-element_type=\"widget\" data-e-type=\"widget\" data-widget_type=\"text-editor.default\">\n\t\t\t\t\t\t\t\t\t<p><strong>Wir verstehen die Bedenken hinsichtlich der Skalierung Ihrer digitalen Gesch\u00e4ftst\u00e4tigkeit.<\/strong>  Neue Anforderungen bringen \u00fcblicherweise neue Integrationsprobleme mit sich. Nicht mit Shoplogix. Seit \u00fcber 20 Jahren arbeiten wir mit Herstellern und Verpackungsunternehmen zusammen, um klein anzufangen, erste Erfolge zu erzielen und diese dann auf weitere Maschinen, Produktionslinien und schlie\u00dflich mehrere Werke und Regionen auszuweiten. Sie entscheiden, wann Ihr Unternehmen expandieren m\u00f6chte \u2013 erst nachdem Sie die Vorteile von Shoplogix selbst erlebt haben.   <\/p>\t\t\t\t\t\t\t\t<\/div>\n\t\t\t\t<div class=\"elementor-element elementor-element-36b5dbe elementor-tablet-align-start hm-txt2 elementor-icon-list--layout-traditional elementor-list-item-link-full_width elementor-widget elementor-widget-icon-list\" data-id=\"36b5dbe\" data-element_type=\"widget\" data-e-type=\"widget\" data-widget_type=\"icon-list.default\">\n\t\t\t\t\t\t\t<ul class=\"elementor-icon-list-items\">\n\t\t\t\t\t\t\t<li class=\"elementor-icon-list-item\">\n\t\t\t\t\t\t\t\t\t\t\t<span class=\"elementor-icon-list-icon\">\n\t\t\t\t\t\t\t<svg xmlns=\"http:\/\/www.w3.org\/2000\/svg\" width=\"24\" height=\"25\" viewBox=\"0 0 24 25\" fill=\"none\"><circle cx=\"12\" cy=\"12.5\" r=\"12\" fill=\"#currentColor\"><\/circle><path d=\"M6 11.8333L10.3333 16.1667L18 8.5\" stroke=\"#E8ECEE\" stroke-width=\"2\"><\/path><\/svg>\t\t\t\t\t\t<\/span>\n\t\t\t\t\t\t\t\t\t\t<span class=\"elementor-icon-list-text\"><b>Erweitern Sie Ihre Produktions\u00fcberwachung ganz einfach<\/b> mit unternehmensweiten Standardeinstellungen.<\/span>\n\t\t\t\t\t\t\t\t\t<\/li>\n\t\t\t\t\t\t\t\t<li class=\"elementor-icon-list-item\">\n\t\t\t\t\t\t\t\t\t\t\t<span class=\"elementor-icon-list-icon\">\n\t\t\t\t\t\t\t<svg xmlns=\"http:\/\/www.w3.org\/2000\/svg\" width=\"24\" height=\"25\" viewBox=\"0 0 24 25\" fill=\"none\"><circle cx=\"12\" cy=\"12.5\" r=\"12\" fill=\"#currentColor\"><\/circle><path d=\"M6 11.8333L10.3333 16.1667L18 8.5\" stroke=\"#E8ECEE\" stroke-width=\"2\"><\/path><\/svg>\t\t\t\t\t\t<\/span>\n\t\t\t\t\t\t\t\t\t\t<span class=\"elementor-icon-list-text\"><b>Sparen Sie Zeit mit Vorlagen<\/b> f\u00fcr Verlustkategorien, Maschinenklassifizierungen, KPIs und mehr<\/span>\n\t\t\t\t\t\t\t\t\t<\/li>\n\t\t\t\t\t\t\t\t<li class=\"elementor-icon-list-item\">\n\t\t\t\t\t\t\t\t\t\t\t<span class=\"elementor-icon-list-icon\">\n\t\t\t\t\t\t\t<svg xmlns=\"http:\/\/www.w3.org\/2000\/svg\" width=\"24\" height=\"25\" viewBox=\"0 0 24 25\" fill=\"none\"><circle cx=\"12\" cy=\"12.5\" r=\"12\" fill=\"#currentColor\"><\/circle><path d=\"M6 11.8333L10.3333 16.1667L18 8.5\" stroke=\"#E8ECEE\" stroke-width=\"2\"><\/path><\/svg>\t\t\t\t\t\t<\/span>\n\t\t\t\t\t\t\t\t\t\t<span class=\"elementor-icon-list-text\"><b>Verschaffen Sie sich mit standardisierten Kennzahlen Transparenz<\/b> \u00fcber Ihr gesamtes Unternehmen hinweg.<\/span>\n\t\t\t\t\t\t\t\t\t<\/li>\n\t\t\t\t\t\t<\/ul>\n\t\t\t\t\t\t<\/div>\n\t\t\t\t<\/div>\n\t\t\t\t\t<\/div>\n\t\t\t\t<\/div>\n\t\t<div class=\"elementor-element elementor-element-8d2eee5 e-flex e-con-boxed e-con e-parent\" data-id=\"8d2eee5\" data-element_type=\"container\" data-e-type=\"container\">\n\t\t\t\t\t<div class=\"e-con-inner\">\n\t\t<div class=\"elementor-element elementor-element-2d938e1 e-con-full e-flex e-con e-child\" data-id=\"2d938e1\" data-element_type=\"container\" data-e-type=\"container\" data-settings=\"{&quot;background_background&quot;:&quot;classic&quot;}\">\n\t\t<div class=\"elementor-element elementor-element-314ef52 e-grid e-con-boxed e-con e-child\" data-id=\"314ef52\" data-element_type=\"container\" data-e-type=\"container\">\n\t\t\t\t\t<div class=\"e-con-inner\">\n\t\t<div class=\"elementor-element elementor-element-a4ae357 e-con-full e-flex e-con e-child\" data-id=\"a4ae357\" data-element_type=\"container\" data-e-type=\"container\">\n\t\t\t\t<div class=\"elementor-element elementor-element-9b0488f elementor-widget elementor-widget-heading\" data-id=\"9b0488f\" data-element_type=\"widget\" data-e-type=\"widget\" data-widget_type=\"heading.default\">\n\t\t\t\t\t<h2 class=\"elementor-heading-title elementor-size-default\">Sie bef\u00fcrchten einen Konfigurationsfehler? Passen Sie historische Daten jederzeit ganz einfach an. <\/h2>\t\t\t\t<\/div>\n\t\t\t\t<div class=\"elementor-element elementor-element-13d2319 elementor-widget__width-initial elementor-widget elementor-widget-text-editor\" data-id=\"13d2319\" data-element_type=\"widget\" data-e-type=\"widget\" data-widget_type=\"text-editor.default\">\n\t\t\t\t\t\t\t\t\t<p><strong>Die Hersteller agieren in einem schnelllebigen, dynamischen Umfeld, in dem Ver\u00e4nderungen h\u00e4ufig vorkommen.<\/strong>  Wir haben eine Plattform geschaffen, mit der Sie auf einfache Weise \u00c4nderungen vornehmen und sicherstellen k\u00f6nnen, dass sich Ihr Werk schnell an ver\u00e4nderte Zeitpl\u00e4ne, Arbeitsabl\u00e4ufe und Mitarbeiter anpasst und gleichzeitig die Datenintegrit\u00e4t gew\u00e4hrleistet wird.<\/p>\t\t\t\t\t\t\t\t<\/div>\n\t\t\t\t<div class=\"elementor-element elementor-element-bce6606 hm-txt2 elementor-tablet-align-start elementor-icon-list--layout-traditional elementor-list-item-link-full_width elementor-widget elementor-widget-icon-list\" data-id=\"bce6606\" data-element_type=\"widget\" data-e-type=\"widget\" data-widget_type=\"icon-list.default\">\n\t\t\t\t\t\t\t<ul class=\"elementor-icon-list-items\">\n\t\t\t\t\t\t\t<li class=\"elementor-icon-list-item\">\n\t\t\t\t\t\t\t\t\t\t\t<span class=\"elementor-icon-list-icon\">\n\t\t\t\t\t\t\t<svg xmlns=\"http:\/\/www.w3.org\/2000\/svg\" width=\"24\" height=\"25\" viewBox=\"0 0 24 25\" fill=\"none\"><circle cx=\"12\" cy=\"12.5\" r=\"12\" fill=\"#currentColor\"><\/circle><path d=\"M6 11.8333L10.3333 16.1667L18 8.5\" stroke=\"#E8ECEE\" stroke-width=\"2\"><\/path><\/svg>\t\t\t\t\t\t<\/span>\n\t\t\t\t\t\t\t\t\t\t<span class=\"elementor-icon-list-text\"><b>Machen Sie jeden Fehler r\u00fcckg\u00e4ngig<\/b> , ohne sich um die Datenintegrit\u00e4t sorgen zu m\u00fcssen.<\/span>\n\t\t\t\t\t\t\t\t\t<\/li>\n\t\t\t\t\t\t\t\t<li class=\"elementor-icon-list-item\">\n\t\t\t\t\t\t\t\t\t\t\t<span class=\"elementor-icon-list-icon\">\n\t\t\t\t\t\t\t<svg xmlns=\"http:\/\/www.w3.org\/2000\/svg\" width=\"24\" height=\"25\" viewBox=\"0 0 24 25\" fill=\"none\"><circle cx=\"12\" cy=\"12.5\" r=\"12\" fill=\"#currentColor\"><\/circle><path d=\"M6 11.8333L10.3333 16.1667L18 8.5\" stroke=\"#E8ECEE\" stroke-width=\"2\"><\/path><\/svg>\t\t\t\t\t\t<\/span>\n\t\t\t\t\t\t\t\t\t\t<span class=\"elementor-icon-list-text\">Historische Daten lassen sich jederzeit <b>problemlos anpassen.<\/b><\/span>\n\t\t\t\t\t\t\t\t\t<\/li>\n\t\t\t\t\t\t\t\t<li class=\"elementor-icon-list-item\">\n\t\t\t\t\t\t\t\t\t\t\t<span class=\"elementor-icon-list-icon\">\n\t\t\t\t\t\t\t<svg xmlns=\"http:\/\/www.w3.org\/2000\/svg\" width=\"24\" height=\"25\" viewBox=\"0 0 24 25\" fill=\"none\"><circle cx=\"12\" cy=\"12.5\" r=\"12\" fill=\"#currentColor\"><\/circle><path d=\"M6 11.8333L10.3333 16.1667L18 8.5\" stroke=\"#E8ECEE\" stroke-width=\"2\"><\/path><\/svg>\t\t\t\t\t\t<\/span>\n\t\t\t\t\t\t\t\t\t\t<span class=\"elementor-icon-list-text\"><b>Flexible Konfiguration<\/b> zur Anpassung Ihrer Schichten, Aufgaben oder Ziele, wann immer Sie es ben\u00f6tigen<\/span>\n\t\t\t\t\t\t\t\t\t<\/li>\n\t\t\t\t\t\t<\/ul>\n\t\t\t\t\t\t<\/div>\n\t\t\t\t<\/div>\n\t\t<div class=\"elementor-element elementor-element-8a6d9a4 e-con-full e-flex e-con e-child\" data-id=\"8a6d9a4\" data-element_type=\"container\" data-e-type=\"container\">\n\t\t\t\t<div class=\"elementor-element elementor-element-c2a1d4b elementor-widget-tablet__width-inherit elementor-widget elementor-widget-image\" data-id=\"c2a1d4b\" data-element_type=\"widget\" data-e-type=\"widget\" data-widget_type=\"image.default\">\n\t\t\t\t\t\t\t\t\t\t\t\t\t\t\t<img decoding=\"async\" width=\"750\" height=\"917\" data-src=\"https:\/\/shoplogix.com\/wp-content\/uploads\/2025\/03\/Worried-about-making-a-mistake-in-your-configuration-Easily-adjust-historical-data-anytime-you-need.jpg\" class=\"attachment-full size-full wp-image-13108 lazyload\" alt=\"\" data-srcset=\"https:\/\/shoplogix.wpenginepowered.com\/wp-content\/uploads\/2025\/03\/Worried-about-making-a-mistake-in-your-configuration-Easily-adjust-historical-data-anytime-you-need.jpg 750w, https:\/\/shoplogix.wpenginepowered.com\/wp-content\/uploads\/2025\/03\/Worried-about-making-a-mistake-in-your-configuration-Easily-adjust-historical-data-anytime-you-need-245x300.jpg 245w\" data-sizes=\"(max-width: 750px) 100vw, 750px\" src=\"data:image\/svg+xml;base64,PHN2ZyB3aWR0aD0iMSIgaGVpZ2h0PSIxIiB4bWxucz0iaHR0cDovL3d3dy53My5vcmcvMjAwMC9zdmciPjwvc3ZnPg==\" style=\"--smush-placeholder-width: 750px; --smush-placeholder-aspect-ratio: 750\/917;\" \/>\t\t\t\t\t\t\t\t\t\t\t\t\t\t\t<\/div>\n\t\t\t\t<\/div>\n\t\t\t\t\t<\/div>\n\t\t\t\t<\/div>\n\t\t\t\t<\/div>\n\t\t\t\t\t<\/div>\n\t\t\t\t<\/div>\n\t\t<div class=\"elementor-element elementor-element-03899ea e-flex e-con-boxed e-con e-parent\" data-id=\"03899ea\" data-element_type=\"container\" data-e-type=\"container\">\n\t\t\t\t\t<div class=\"e-con-inner\">\n\t\t<div class=\"elementor-element elementor-element-a112671 e-grid e-con-boxed e-con e-child\" data-id=\"a112671\" data-element_type=\"container\" data-e-type=\"container\" data-settings=\"{&quot;background_background&quot;:&quot;classic&quot;}\">\n\t\t\t\t\t<div class=\"e-con-inner\">\n\t\t<div class=\"elementor-element elementor-element-86e9bc4 e-con-full e-flex e-con e-child\" data-id=\"86e9bc4\" data-element_type=\"container\" data-e-type=\"container\">\n\t\t\t\t<div class=\"elementor-element elementor-element-467a121 elementor-widget elementor-widget-heading\" data-id=\"467a121\" data-element_type=\"widget\" data-e-type=\"widget\" data-widget_type=\"heading.default\">\n\t\t\t\t\t<h2 class=\"elementor-heading-title elementor-size-default\">M\u00f6chten Sie mehr erfahren?<\/h2>\t\t\t\t<\/div>\n\t\t\t\t<\/div>\n\t\t<div class=\"elementor-element elementor-element-8f7eb5b e-con-full e-grid e-con e-child\" data-id=\"8f7eb5b\" data-element_type=\"container\" data-e-type=\"container\" data-settings=\"{&quot;background_background&quot;:&quot;classic&quot;}\">\n\t\t\t\t<div class=\"elementor-element elementor-element-4fd743a elementor-widget elementor-widget-text-editor\" data-id=\"4fd743a\" data-element_type=\"widget\" data-e-type=\"widget\" data-widget_type=\"text-editor.default\">\n\t\t\t\t\t\t\t\t\t<p>Vereinbaren Sie ein unverbindliches Strategiegespr\u00e4ch, um mehr \u00fcber unser Pilotprogramm zu erfahren, oder sehen Sie sich unsere interaktive Demo an.<\/p>\t\t\t\t\t\t\t\t<\/div>\n\t\t<div class=\"elementor-element elementor-element-4d9f66a e-con-full e-flex e-con e-child\" data-id=\"4d9f66a\" data-element_type=\"container\" data-e-type=\"container\">\n\t\t\t\t<div class=\"elementor-element elementor-element-6deaff9 elementor-mobile-align-center elementor-widget elementor-widget-button\" data-id=\"6deaff9\" data-element_type=\"widget\" data-e-type=\"widget\" data-widget_type=\"button.default\">\n\t\t\t\t\t\t\t\t\t\t<a class=\"elementor-button elementor-button-link elementor-size-sm\" href=\"https:\/\/shoplogix.com\/de\/2-minuten-demo-anfordern\/\">\n\t\t\t\t\t\t<span class=\"elementor-button-content-wrapper\">\n\t\t\t\t\t\t<span class=\"elementor-button-icon\">\n\t\t\t\t<svg aria-hidden=\"true\" class=\"e-font-icon-svg e-fas-play\" viewBox=\"0 0 448 512\" xmlns=\"http:\/\/www.w3.org\/2000\/svg\"><path d=\"M424.4 214.7L72.4 6.6C43.8-10.3 0 6.1 0 47.9V464c0 37.5 40.7 60.1 72.4 41.3l352-208c31.4-18.5 31.5-64.1 0-82.6z\"><\/path><\/svg>\t\t\t<\/span>\n\t\t\t\t\t\t\t\t\t<span class=\"elementor-button-text\">Demo ansehen<\/span>\n\t\t\t\t\t<\/span>\n\t\t\t\t\t<\/a>\n\t\t\t\t\t\t\t\t<\/div>\n\t\t\t\t<div class=\"elementor-element elementor-element-e3994c2 elementor-widget__width-auto elementor-widget elementor-widget-button\" data-id=\"e3994c2\" data-element_type=\"widget\" data-e-type=\"widget\" data-widget_type=\"button.default\">\n\t\t\t\t\t\t\t\t\t\t<a class=\"elementor-button elementor-button-link elementor-size-sm\" href=\"https:\/\/shoplogix.com\/de\/kontaktinformationen\/\">\n\t\t\t\t\t\t<span class=\"elementor-button-content-wrapper\">\n\t\t\t\t\t\t\t\t\t<span class=\"elementor-button-text\">Los geht's<\/span>\n\t\t\t\t\t<\/span>\n\t\t\t\t\t<\/a>\n\t\t\t\t\t\t\t\t<\/div>\n\t\t\t\t<\/div>\n\t\t\t\t<\/div>\n\t\t\t\t\t<\/div>\n\t\t\t\t<\/div>\n\t\t\t\t\t<\/div>\n\t\t\t\t<\/div>\n\t\t\t\t<\/div>\n\t\t","protected":false},"excerpt":{"rendered":"<p>Skalieren Sie Ihre Erfolge auf mehrere Werke. ohne die \u00fcblichen Wachstumsschmerzen Seit \u00fcber 20 Jahren unterst\u00fctzen wir Hersteller dabei, ihre \u00dcberwachungssysteme \u00fcber verschiedene Werke und Regionen hinweg auszuweiten. Unsere Plattform ist so flexibel, dass sich jeder Konfigurationsfehler problemlos und ohne gro\u00dfen Aufwand beheben l\u00e4sst. Los geht&#8217;s F\u00fcgen Sie weitere Pflanzen und Unterteilungen hinzu. eigenes Tempo [&hellip;]<\/p>\n","protected":false},"author":2,"featured_media":0,"parent":13391,"menu_order":235,"comment_status":"closed","ping_status":"closed","template":"","meta":{"_acf_changed":false,"footnotes":""},"class_list":["post-13104","page","type-page","status-publish","hentry"],"acf":[],"_links":{"self":[{"href":"https:\/\/shoplogix.com\/de\/wp-json\/wp\/v2\/pages\/13104","targetHints":{"allow":["GET"]}}],"collection":[{"href":"https:\/\/shoplogix.com\/de\/wp-json\/wp\/v2\/pages"}],"about":[{"href":"https:\/\/shoplogix.com\/de\/wp-json\/wp\/v2\/types\/page"}],"author":[{"embeddable":true,"href":"https:\/\/shoplogix.com\/de\/wp-json\/wp\/v2\/users\/2"}],"replies":[{"embeddable":true,"href":"https:\/\/shoplogix.com\/de\/wp-json\/wp\/v2\/comments?post=13104"}],"version-history":[{"count":0,"href":"https:\/\/shoplogix.com\/de\/wp-json\/wp\/v2\/pages\/13104\/revisions"}],"up":[{"embeddable":true,"href":"https:\/\/shoplogix.com\/de\/wp-json\/wp\/v2\/pages\/13391"}],"wp:attachment":[{"href":"https:\/\/shoplogix.com\/de\/wp-json\/wp\/v2\/media?parent=13104"}],"curies":[{"name":"wp","href":"https:\/\/api.w.org\/{rel}","templated":true}]}}