{"id":13039,"date":"2025-03-26T14:14:42","date_gmt":"2025-03-26T14:14:42","guid":{"rendered":"https:\/\/slxtest.wpengine.com\/gestion-visuelle-intuitive\/"},"modified":"2026-01-26T15:42:19","modified_gmt":"2026-01-26T15:42:19","slug":"gestion-visuelle-intuitive","status":"publish","type":"page","link":"https:\/\/shoplogix.com\/fr\/gestion-visuelle-intuitive\/","title":{"rendered":"Gestion visuelle intuitive"},"content":{"rendered":"\t\t<div data-elementor-type=\"wp-page\" data-elementor-id=\"13039\" class=\"elementor elementor-13039 elementor-8770\" data-elementor-post-type=\"page\">\n\t\t\t\t<div class=\"elementor-element elementor-element-5ce48df hm-main-sec overflow-hidden e-flex e-con-boxed e-con e-parent\" data-id=\"5ce48df\" data-element_type=\"container\" data-e-type=\"container\" data-settings=\"{&quot;background_background&quot;:&quot;gradient&quot;}\">\n\t\t\t\t\t<div class=\"e-con-inner\">\n\t\t<div class=\"elementor-element elementor-element-58c9d01 e-con-full e-flex e-con e-child\" data-id=\"58c9d01\" data-element_type=\"container\" data-e-type=\"container\">\n\t\t<div class=\"elementor-element elementor-element-4702108 e-con-full e-flex e-con e-child\" data-id=\"4702108\" data-element_type=\"container\" data-e-type=\"container\">\n\t\t\t\t<div class=\"elementor-element elementor-element-2164ba7 elementor-widget elementor-widget-image\" data-id=\"2164ba7\" data-element_type=\"widget\" data-e-type=\"widget\" data-widget_type=\"image.default\">\n\t\t\t\t\t\t\t\t\t\t\t\t\t\t\t<img decoding=\"async\" width=\"351\" height=\"50\" data-src=\"https:\/\/shoplogix.com\/wp-content\/uploads\/2025\/03\/Intelligent-Monitoring-Solutions.svg\" class=\"attachment-full size-full wp-image-12832 lazyload\" alt=\"\" src=\"data:image\/svg+xml;base64,PHN2ZyB3aWR0aD0iMSIgaGVpZ2h0PSIxIiB4bWxucz0iaHR0cDovL3d3dy53My5vcmcvMjAwMC9zdmciPjwvc3ZnPg==\" style=\"--smush-placeholder-width: 351px; --smush-placeholder-aspect-ratio: 351\/50;\" \/>\t\t\t\t\t\t\t\t\t\t\t\t\t\t\t<\/div>\n\t\t\t\t<div class=\"elementor-element elementor-element-1d4cc4f elementor-widget elementor-widget-heading\" data-id=\"1d4cc4f\" data-element_type=\"widget\" data-e-type=\"widget\" data-widget_type=\"heading.default\">\n\t\t\t\t\t<h1 class=\"elementor-heading-title elementor-size-default\">Des solutions de surveillance intelligentes pour lib\u00e9rer le potentiel de votre usine<\/h1>\t\t\t\t<\/div>\n\t\t\t\t<div class=\"elementor-element elementor-element-237eb63 elementor-widget elementor-widget-text-editor\" data-id=\"237eb63\" data-element_type=\"widget\" data-e-type=\"widget\" data-widget_type=\"text-editor.default\">\n\t\t\t\t\t\t\t\t\t<p><strong>Des informations en temps r\u00e9el pour r\u00e9duire les temps d&#8217;arr\u00eat<\/strong> , diminuer les co\u00fbts \u00e9nerg\u00e9tiques et optimiser l&#8217;efficacit\u00e9 de vos op\u00e9rations.<\/p>\t\t\t\t\t\t\t\t<\/div>\n\t\t\t\t<div class=\"elementor-element elementor-element-5b1886c elementor-mobile-align-center elementor-widget elementor-widget-button\" data-id=\"5b1886c\" data-element_type=\"widget\" data-e-type=\"widget\" data-widget_type=\"button.default\">\n\t\t\t\t\t\t\t\t\t\t<a class=\"elementor-button elementor-button-link elementor-size-sm\" href=\"https:\/\/shoplogix.com\/fr\/demande-de-demo-de-2-minutes\/\">\n\t\t\t\t\t\t<span class=\"elementor-button-content-wrapper\">\n\t\t\t\t\t\t\t\t\t<span class=\"elementor-button-text\">Demander une d\u00e9mo<\/span>\n\t\t\t\t\t<\/span>\n\t\t\t\t\t<\/a>\n\t\t\t\t\t\t\t\t<\/div>\n\t\t\t\t<\/div>\n\t\t<div class=\"elementor-element elementor-element-819995f e-con-full e-flex e-con e-child\" data-id=\"819995f\" data-element_type=\"container\" data-e-type=\"container\" data-settings=\"{&quot;background_background&quot;:&quot;classic&quot;}\">\n\t\t\t\t<div class=\"elementor-element elementor-element-9fb3a88 elementor-widget elementor-widget-image\" data-id=\"9fb3a88\" data-element_type=\"widget\" data-e-type=\"widget\" data-widget_type=\"image.default\">\n\t\t\t\t\t\t\t\t\t\t\t\t\t\t\t<img fetchpriority=\"high\" decoding=\"async\" width=\"500\" height=\"500\" src=\"https:\/\/shoplogix.com\/wp-content\/uploads\/2025\/03\/Intelligent-Monitoring-Solutions-to-Unlock-Your-Factorys-Potential.jpg\" class=\"attachment-full size-full wp-image-13045\" alt=\"\" srcset=\"https:\/\/shoplogix.wpenginepowered.com\/wp-content\/uploads\/2025\/03\/Intelligent-Monitoring-Solutions-to-Unlock-Your-Factorys-Potential.jpg 500w, https:\/\/shoplogix.wpenginepowered.com\/wp-content\/uploads\/2025\/03\/Intelligent-Monitoring-Solutions-to-Unlock-Your-Factorys-Potential-300x300.jpg 300w, https:\/\/shoplogix.wpenginepowered.com\/wp-content\/uploads\/2025\/03\/Intelligent-Monitoring-Solutions-to-Unlock-Your-Factorys-Potential-150x150.jpg 150w\" sizes=\"(max-width: 500px) 100vw, 500px\" \/>\t\t\t\t\t\t\t\t\t\t\t\t\t\t\t<\/div>\n\t\t\t\t<\/div>\n\t\t\t\t<\/div>\n\t\t\t\t\t<\/div>\n\t\t\t\t<\/div>\n\t\t<div class=\"elementor-element elementor-element-68a8e57 e-flex e-con-boxed e-con e-parent\" data-id=\"68a8e57\" data-element_type=\"container\" data-e-type=\"container\">\n\t\t\t\t\t<div class=\"e-con-inner\">\n\t\t<div class=\"elementor-element elementor-element-c782fab e-con-full e-flex e-con e-child\" data-id=\"c782fab\" data-element_type=\"container\" data-e-type=\"container\" data-settings=\"{&quot;background_background&quot;:&quot;classic&quot;}\">\n\t\t<div class=\"elementor-element elementor-element-7127bbb e-grid e-con-boxed e-con e-child\" data-id=\"7127bbb\" data-element_type=\"container\" data-e-type=\"container\">\n\t\t\t\t\t<div class=\"e-con-inner\">\n\t\t<div class=\"elementor-element elementor-element-95433a4 e-con-full e-flex e-con e-child\" data-id=\"95433a4\" data-element_type=\"container\" data-e-type=\"container\">\n\t\t\t\t<div class=\"elementor-element elementor-element-c0f87c4 elementor-widget elementor-widget-heading\" data-id=\"c0f87c4\" data-element_type=\"widget\" data-e-type=\"widget\" data-widget_type=\"heading.default\">\n\t\t\t\t\t<h2 class=\"elementor-heading-title elementor-size-default\">Aper\u00e7u<\/h2>\t\t\t\t<\/div>\n\t\t\t\t<div class=\"elementor-element elementor-element-5f42341 elementor-widget__width-initial elementor-widget elementor-widget-text-editor\" data-id=\"5f42341\" data-element_type=\"widget\" data-e-type=\"widget\" data-widget_type=\"text-editor.default\">\n\t\t\t\t\t\t\t\t\t<p><strong>Shoplogix Intelligent Monitoring Solutions (IMS) est une suite de capteurs fonctionnant en continu et sans batterie,<\/strong> con\u00e7ue pour d\u00e9tecter proactivement les probl\u00e8mes d&#8217;\u00e9quipement et optimiser l&#8217;utilisation des ressources. En surveillant en temps r\u00e9el les actifs et processus critiques, IMS aide les fabricants \u00e0 \u00e9viter les arr\u00eats impr\u00e9vus, \u00e0 r\u00e9aliser des \u00e9conomies d&#8217;\u00e9nergie et \u00e0 accro\u00eetre leur productivit\u00e9 globale. <\/p>\t\t\t\t\t\t\t\t<\/div>\n\t\t\t\t<\/div>\n\t\t<div class=\"elementor-element elementor-element-d15d64b e-con-full e-flex e-con e-child\" data-id=\"d15d64b\" data-element_type=\"container\" data-e-type=\"container\">\n\t\t\t\t<div class=\"elementor-element elementor-element-8e76655 elementor-widget elementor-widget-image\" data-id=\"8e76655\" data-element_type=\"widget\" data-e-type=\"widget\" data-widget_type=\"image.default\">\n\t\t\t\t\t\t\t\t\t\t\t\t\t\t\t<img decoding=\"async\" width=\"576\" height=\"600\" data-src=\"https:\/\/shoplogix.com\/wp-content\/uploads\/2025\/03\/Intelligent-Monitoring-Solutions-Overview.png\" class=\"attachment-full size-full wp-image-13046 lazyload\" alt=\"\" data-srcset=\"https:\/\/shoplogix.wpenginepowered.com\/wp-content\/uploads\/2025\/03\/Intelligent-Monitoring-Solutions-Overview.png 576w, https:\/\/shoplogix.wpenginepowered.com\/wp-content\/uploads\/2025\/03\/Intelligent-Monitoring-Solutions-Overview-288x300.png 288w\" data-sizes=\"(max-width: 576px) 100vw, 576px\" src=\"data:image\/svg+xml;base64,PHN2ZyB3aWR0aD0iMSIgaGVpZ2h0PSIxIiB4bWxucz0iaHR0cDovL3d3dy53My5vcmcvMjAwMC9zdmciPjwvc3ZnPg==\" style=\"--smush-placeholder-width: 576px; --smush-placeholder-aspect-ratio: 576\/600;\" \/>\t\t\t\t\t\t\t\t\t\t\t\t\t\t\t<\/div>\n\t\t\t\t<\/div>\n\t\t\t\t\t<\/div>\n\t\t\t\t<\/div>\n\t\t\t\t<\/div>\n\t\t\t\t\t<\/div>\n\t\t\t\t<\/div>\n\t\t<div class=\"elementor-element elementor-element-f84cdc5 e-flex e-con-boxed e-con e-parent\" data-id=\"f84cdc5\" data-element_type=\"container\" data-e-type=\"container\">\n\t\t\t\t\t<div class=\"e-con-inner\">\n\t\t<div class=\"elementor-element elementor-element-783b654 e-con-full e-flex e-con e-child\" data-id=\"783b654\" data-element_type=\"container\" data-e-type=\"container\" data-settings=\"{&quot;background_background&quot;:&quot;classic&quot;}\">\n\t\t<div class=\"elementor-element elementor-element-cb07ab4 e-grid e-con-full e-con e-child\" data-id=\"cb07ab4\" data-element_type=\"container\" data-e-type=\"container\">\n\t\t<div class=\"elementor-element elementor-element-23528c0 e-con-full e-flex e-con e-child\" data-id=\"23528c0\" data-element_type=\"container\" data-e-type=\"container\">\n\t\t\t\t<div class=\"elementor-element elementor-element-a57c37e elementor-widget elementor-widget-heading\" data-id=\"a57c37e\" data-element_type=\"widget\" data-e-type=\"widget\" data-widget_type=\"heading.default\">\n\t\t\t\t\t<h2 class=\"elementor-heading-title elementor-size-default\">Caract\u00e9ristiques principales et<br> Avantages<\/h2>\t\t\t\t<\/div>\n\t\t\t\t<\/div>\n\t\t<div class=\"elementor-element elementor-element-ec8a236 e-con-full e-flex e-con e-child\" data-id=\"ec8a236\" data-element_type=\"container\" data-e-type=\"container\">\n\t\t<div class=\"elementor-element elementor-element-f1ecbd0 e-con-full e-flex e-con e-child\" data-id=\"f1ecbd0\" data-element_type=\"container\" data-e-type=\"container\">\n\t\t\t\t<div class=\"elementor-element elementor-element-5d0d9c4 elementor-widget__width-auto elementor-widget elementor-widget-image\" data-id=\"5d0d9c4\" data-element_type=\"widget\" data-e-type=\"widget\" data-widget_type=\"image.default\">\n\t\t\t\t\t\t\t\t\t\t\t\t\t\t\t<img decoding=\"async\" width=\"60\" height=\"60\" data-src=\"https:\/\/shoplogix.com\/wp-content\/uploads\/2025\/03\/01.svg\" class=\"attachment-large size-large wp-image-12835 lazyload\" alt=\"\" src=\"data:image\/svg+xml;base64,PHN2ZyB3aWR0aD0iMSIgaGVpZ2h0PSIxIiB4bWxucz0iaHR0cDovL3d3dy53My5vcmcvMjAwMC9zdmciPjwvc3ZnPg==\" style=\"--smush-placeholder-width: 60px; --smush-placeholder-aspect-ratio: 60\/60;\" \/>\t\t\t\t\t\t\t\t\t\t\t\t\t\t\t<\/div>\n\t\t\t\t<div class=\"elementor-element elementor-element-228bcfa elementor-widget__width-initial elementor-widget elementor-widget-text-editor\" data-id=\"228bcfa\" data-element_type=\"widget\" data-e-type=\"widget\" data-widget_type=\"text-editor.default\">\n\t\t\t\t\t\t\t\t\t<p><strong>Surveillance permanente \u2013<\/strong> La collecte de donn\u00e9es 24h\/24 et 7j\/7 garantit des alertes imm\u00e9diates en cas d&#8217;anomalies.<\/p>\t\t\t\t\t\t\t\t<\/div>\n\t\t\t\t<\/div>\n\t\t<div class=\"elementor-element elementor-element-b0852de e-con-full e-flex e-con e-child\" data-id=\"b0852de\" data-element_type=\"container\" data-e-type=\"container\">\n\t\t\t\t<div class=\"elementor-element elementor-element-d9ff96d elementor-widget__width-auto elementor-widget elementor-widget-image\" data-id=\"d9ff96d\" data-element_type=\"widget\" data-e-type=\"widget\" data-widget_type=\"image.default\">\n\t\t\t\t\t\t\t\t\t\t\t\t\t\t\t<img decoding=\"async\" width=\"60\" height=\"60\" data-src=\"https:\/\/shoplogix.com\/wp-content\/uploads\/2025\/03\/02.svg\" class=\"attachment-large size-large wp-image-12836 lazyload\" alt=\"\" src=\"data:image\/svg+xml;base64,PHN2ZyB3aWR0aD0iMSIgaGVpZ2h0PSIxIiB4bWxucz0iaHR0cDovL3d3dy53My5vcmcvMjAwMC9zdmciPjwvc3ZnPg==\" style=\"--smush-placeholder-width: 60px; --smush-placeholder-aspect-ratio: 60\/60;\" \/>\t\t\t\t\t\t\t\t\t\t\t\t\t\t\t<\/div>\n\t\t\t\t<div class=\"elementor-element elementor-element-700df23 elementor-widget__width-initial elementor-widget elementor-widget-text-editor\" data-id=\"700df23\" data-element_type=\"widget\" data-e-type=\"widget\" data-widget_type=\"text-editor.default\">\n\t\t\t\t\t\t\t\t\t<p><strong>Maintenance proactive \u2013<\/strong> Identifier les probl\u00e8mes avant qu\u2019ils ne provoquent des pannes ou des temps d\u2019arr\u00eat co\u00fbteux.<\/p>\t\t\t\t\t\t\t\t<\/div>\n\t\t\t\t<\/div>\n\t\t<div class=\"elementor-element elementor-element-f84acba e-con-full e-flex e-con e-child\" data-id=\"f84acba\" data-element_type=\"container\" data-e-type=\"container\">\n\t\t\t\t<div class=\"elementor-element elementor-element-c1695e2 elementor-widget__width-auto elementor-widget elementor-widget-image\" data-id=\"c1695e2\" data-element_type=\"widget\" data-e-type=\"widget\" data-widget_type=\"image.default\">\n\t\t\t\t\t\t\t\t\t\t\t\t\t\t\t<img decoding=\"async\" width=\"60\" height=\"60\" data-src=\"https:\/\/shoplogix.com\/wp-content\/uploads\/2025\/03\/03.svg\" class=\"attachment-large size-large wp-image-12837 lazyload\" alt=\"\" src=\"data:image\/svg+xml;base64,PHN2ZyB3aWR0aD0iMSIgaGVpZ2h0PSIxIiB4bWxucz0iaHR0cDovL3d3dy53My5vcmcvMjAwMC9zdmciPjwvc3ZnPg==\" style=\"--smush-placeholder-width: 60px; --smush-placeholder-aspect-ratio: 60\/60;\" \/>\t\t\t\t\t\t\t\t\t\t\t\t\t\t\t<\/div>\n\t\t\t\t<div class=\"elementor-element elementor-element-da5077c elementor-widget__width-initial elementor-widget elementor-widget-text-editor\" data-id=\"da5077c\" data-element_type=\"widget\" data-e-type=\"widget\" data-widget_type=\"text-editor.default\">\n\t\t\t\t\t\t\t\t\t<p><strong>Capteurs sans batterie \u2013<\/strong> Aucun frais de maintenance, d\u00e9ploiement facile et fiabilit\u00e9 \u00e0 long terme.<\/p>\t\t\t\t\t\t\t\t<\/div>\n\t\t\t\t<\/div>\n\t\t<div class=\"elementor-element elementor-element-28f9f48 e-con-full e-flex e-con e-child\" data-id=\"28f9f48\" data-element_type=\"container\" data-e-type=\"container\">\n\t\t\t\t<div class=\"elementor-element elementor-element-3e1c9f4 elementor-widget__width-auto elementor-widget elementor-widget-image\" data-id=\"3e1c9f4\" data-element_type=\"widget\" data-e-type=\"widget\" data-widget_type=\"image.default\">\n\t\t\t\t\t\t\t\t\t\t\t\t\t\t\t<img decoding=\"async\" width=\"60\" height=\"60\" data-src=\"https:\/\/shoplogix.com\/wp-content\/uploads\/2025\/03\/04.svg\" class=\"attachment-large size-large wp-image-12838 lazyload\" alt=\"\" src=\"data:image\/svg+xml;base64,PHN2ZyB3aWR0aD0iMSIgaGVpZ2h0PSIxIiB4bWxucz0iaHR0cDovL3d3dy53My5vcmcvMjAwMC9zdmciPjwvc3ZnPg==\" style=\"--smush-placeholder-width: 60px; --smush-placeholder-aspect-ratio: 60\/60;\" \/>\t\t\t\t\t\t\t\t\t\t\t\t\t\t\t<\/div>\n\t\t\t\t<div class=\"elementor-element elementor-element-f3fa0fc elementor-widget__width-initial elementor-widget elementor-widget-text-editor\" data-id=\"f3fa0fc\" data-element_type=\"widget\" data-e-type=\"widget\" data-widget_type=\"text-editor.default\">\n\t\t\t\t\t\t\t\t\t<p><strong>Retour sur investissement rapide \u2013<\/strong> De nombreux clients constatent un retour sur investissement en moins de 12 mois gr\u00e2ce \u00e0 la r\u00e9duction des co\u00fbts \u00e9nerg\u00e9tiques et des frais d&#8217;entretien.<\/p>\t\t\t\t\t\t\t\t<\/div>\n\t\t\t\t<\/div>\n\t\t\t\t<\/div>\n\t\t\t\t<\/div>\n\t\t\t\t<\/div>\n\t\t\t\t\t<\/div>\n\t\t\t\t<\/div>\n\t\t<div class=\"elementor-element elementor-element-8858ae3 e-flex e-con-boxed e-con e-parent\" data-id=\"8858ae3\" data-element_type=\"container\" data-e-type=\"container\">\n\t\t\t\t\t<div class=\"e-con-inner\">\n\t\t<div class=\"elementor-element elementor-element-4bb3c95 e-con-full e-flex e-con e-child\" data-id=\"4bb3c95\" data-element_type=\"container\" data-e-type=\"container\" data-settings=\"{&quot;background_background&quot;:&quot;classic&quot;}\">\n\t\t<div class=\"elementor-element elementor-element-3b1d5df e-grid e-con-boxed e-con e-child\" data-id=\"3b1d5df\" data-element_type=\"container\" data-e-type=\"container\">\n\t\t\t\t\t<div class=\"e-con-inner\">\n\t\t<div class=\"elementor-element elementor-element-a02195a e-con-full e-flex e-con e-child\" data-id=\"a02195a\" data-element_type=\"container\" data-e-type=\"container\">\n\t\t\t\t<div class=\"elementor-element elementor-element-f0fa6cd elementor-widget elementor-widget-image\" data-id=\"f0fa6cd\" data-element_type=\"widget\" data-e-type=\"widget\" data-widget_type=\"image.default\">\n\t\t\t\t\t\t\t\t\t\t\t\t\t\t\t<img decoding=\"async\" width=\"500\" height=\"600\" data-src=\"https:\/\/shoplogix.com\/wp-content\/uploads\/2025\/03\/Intelligent-Monitoring-Solutions-How-It-Works.jpg\" class=\"attachment-full size-full wp-image-13047 lazyload\" alt=\"\" data-srcset=\"https:\/\/shoplogix.wpenginepowered.com\/wp-content\/uploads\/2025\/03\/Intelligent-Monitoring-Solutions-How-It-Works.jpg 500w, https:\/\/shoplogix.wpenginepowered.com\/wp-content\/uploads\/2025\/03\/Intelligent-Monitoring-Solutions-How-It-Works-250x300.jpg 250w\" data-sizes=\"(max-width: 500px) 100vw, 500px\" src=\"data:image\/svg+xml;base64,PHN2ZyB3aWR0aD0iMSIgaGVpZ2h0PSIxIiB4bWxucz0iaHR0cDovL3d3dy53My5vcmcvMjAwMC9zdmciPjwvc3ZnPg==\" style=\"--smush-placeholder-width: 500px; --smush-placeholder-aspect-ratio: 500\/600;\" \/>\t\t\t\t\t\t\t\t\t\t\t\t\t\t\t<\/div>\n\t\t\t\t<\/div>\n\t\t<div class=\"elementor-element elementor-element-d612850 e-con-full e-flex e-con e-child\" data-id=\"d612850\" data-element_type=\"container\" data-e-type=\"container\">\n\t\t\t\t<div class=\"elementor-element elementor-element-cae131d elementor-widget elementor-widget-heading\" data-id=\"cae131d\" data-element_type=\"widget\" data-e-type=\"widget\" data-widget_type=\"heading.default\">\n\t\t\t\t\t<h2 class=\"elementor-heading-title elementor-size-default\">Comment \u00e7a marche\n<\/h2>\t\t\t\t<\/div>\n\t\t\t\t<div class=\"elementor-element elementor-element-2616247 elementor-widget__width-initial elementor-widget elementor-widget-text-editor\" data-id=\"2616247\" data-element_type=\"widget\" data-e-type=\"widget\" data-widget_type=\"text-editor.default\">\n\t\t\t\t\t\t\t\t\t<p><strong>Shoplogix IMS utilise des capteurs autonomes pour capturer des donn\u00e9es en temps r\u00e9el (par exemple, vibrations, temp\u00e9rature, d\u00e9bit de vapeur) et les transmettre sans fil \u00e0 une plateforme d&#8217;analyse bas\u00e9e sur le cloud. <\/strong><\/p><p>Des algorithmes avanc\u00e9s d\u00e9tectent les anomalies et les tendances, alertant les \u00e9quipes de maintenance afin qu&#8217;elles puissent intervenir rapidement. Ce syst\u00e8me en boucle ferm\u00e9e permet une gestion pr\u00e9dictive plut\u00f4t que r\u00e9active, minimisant ainsi les temps d&#8217;arr\u00eat et optimisant les performances. <\/p>\t\t\t\t\t\t\t\t<\/div>\n\t\t\t\t<\/div>\n\t\t\t\t\t<\/div>\n\t\t\t\t<\/div>\n\t\t\t\t<\/div>\n\t\t\t\t\t<\/div>\n\t\t\t\t<\/div>\n\t\t<div class=\"elementor-element elementor-element-cfbcf69 e-flex e-con-boxed e-con e-child\" data-id=\"cfbcf69\" data-element_type=\"container\" data-e-type=\"container\">\n\t\t\t\t\t<div class=\"e-con-inner\">\n\t\t<div class=\"elementor-element elementor-element-36b775c e-grid e-con-full e-con e-child\" data-id=\"36b775c\" data-element_type=\"container\" data-e-type=\"container\">\n\t\t<div class=\"elementor-element elementor-element-362e639 e-con-full e-flex e-con e-child\" data-id=\"362e639\" data-element_type=\"container\" data-e-type=\"container\">\n\t\t\t\t<div class=\"elementor-element elementor-element-597f28b elementor-widget elementor-widget-image\" data-id=\"597f28b\" data-element_type=\"widget\" data-e-type=\"widget\" data-widget_type=\"image.default\">\n\t\t\t\t\t\t\t\t\t\t\t\t\t\t\t<img decoding=\"async\" width=\"60\" height=\"60\" data-src=\"https:\/\/shoplogix.com\/wp-content\/uploads\/2025\/03\/Group-338-2.svg\" class=\"attachment-large size-large wp-image-13049 lazyload\" alt=\"\" src=\"data:image\/svg+xml;base64,PHN2ZyB3aWR0aD0iMSIgaGVpZ2h0PSIxIiB4bWxucz0iaHR0cDovL3d3dy53My5vcmcvMjAwMC9zdmciPjwvc3ZnPg==\" style=\"--smush-placeholder-width: 60px; --smush-placeholder-aspect-ratio: 60\/60;\" \/>\t\t\t\t\t\t\t\t\t\t\t\t\t\t\t<\/div>\n\t\t\t\t<div class=\"elementor-element elementor-element-b4d49fb elementor-widget__width-initial elementor-widget elementor-widget-text-editor\" data-id=\"b4d49fb\" data-element_type=\"widget\" data-e-type=\"widget\" data-widget_type=\"text-editor.default\">\n\t\t\t\t\t\t\t\t\t<p><strong>En moyenne, les fabricants peuvent \u00e9conomiser jusqu&#8217;\u00e0 20 % d&#8217;\u00e9nergie vapeur<\/strong> en \u00e9liminant les fuites au niveau des purgeurs et autres pertes d&#8217;efficacit\u00e9.<\/p>\t\t\t\t\t\t\t\t<\/div>\n\t\t\t\t<\/div>\n\t\t<div class=\"elementor-element elementor-element-a81bf08 e-con-full e-flex e-con e-child\" data-id=\"a81bf08\" data-element_type=\"container\" data-e-type=\"container\">\n\t\t\t\t<div class=\"elementor-element elementor-element-bea4114 elementor-widget elementor-widget-image\" data-id=\"bea4114\" data-element_type=\"widget\" data-e-type=\"widget\" data-widget_type=\"image.default\">\n\t\t\t\t\t\t\t\t\t\t\t\t\t\t\t<img decoding=\"async\" width=\"60\" height=\"60\" data-src=\"https:\/\/shoplogix.com\/wp-content\/uploads\/2025\/03\/Group-338-1.svg\" class=\"attachment-large size-large wp-image-13048 lazyload\" alt=\"\" src=\"data:image\/svg+xml;base64,PHN2ZyB3aWR0aD0iMSIgaGVpZ2h0PSIxIiB4bWxucz0iaHR0cDovL3d3dy53My5vcmcvMjAwMC9zdmciPjwvc3ZnPg==\" style=\"--smush-placeholder-width: 60px; --smush-placeholder-aspect-ratio: 60\/60;\" \/>\t\t\t\t\t\t\t\t\t\t\t\t\t\t\t<\/div>\n\t\t\t\t<div class=\"elementor-element elementor-element-0160462 elementor-widget__width-initial elementor-widget elementor-widget-text-editor\" data-id=\"0160462\" data-element_type=\"widget\" data-e-type=\"widget\" data-widget_type=\"text-editor.default\">\n\t\t\t\t\t\t\t\t\t<p><strong>Les capteurs sans batterie ne n\u00e9cessitent aucun entretien r\u00e9gulier,<\/strong> ce qui permet de r\u00e9aliser des \u00e9conomies sur la main-d&#8217;\u0153uvre et les mat\u00e9riaux.<\/p>\t\t\t\t\t\t\t\t<\/div>\n\t\t\t\t<\/div>\n\t\t\t\t<\/div>\n\t\t\t\t\t<\/div>\n\t\t\t\t<\/div>\n\t\t<div class=\"elementor-element elementor-element-c1e9bc1 e-flex e-con-boxed e-con e-parent\" data-id=\"c1e9bc1\" data-element_type=\"container\" data-e-type=\"container\">\n\t\t\t\t\t<div class=\"e-con-inner\">\n\t\t<div class=\"elementor-element elementor-element-025710e e-grid e-con-full e-con e-child\" data-id=\"025710e\" data-element_type=\"container\" data-e-type=\"container\" data-settings=\"{&quot;background_background&quot;:&quot;classic&quot;}\">\n\t\t<div class=\"elementor-element elementor-element-f483886 e-con-full e-flex e-con e-child\" data-id=\"f483886\" data-element_type=\"container\" data-e-type=\"container\">\n\t\t\t\t<div class=\"elementor-element elementor-element-594652d elementor-widget elementor-widget-heading\" data-id=\"594652d\" data-element_type=\"widget\" data-e-type=\"widget\" data-widget_type=\"heading.default\">\n\t\t\t\t\t<h2 class=\"elementor-heading-title elementor-size-default\">Optimisez les performances de votre usine gr\u00e2ce \u00e0 des solutions de surveillance intelligentes.<\/h2>\t\t\t\t<\/div>\n\t\t\t\t<\/div>\n\t\t<div class=\"elementor-element elementor-element-515de82 e-con-full e-flex e-con e-child\" data-id=\"515de82\" data-element_type=\"container\" data-e-type=\"container\" data-settings=\"{&quot;background_background&quot;:&quot;classic&quot;}\">\n\t\t<div class=\"elementor-element elementor-element-48b2bef e-con-full e-flex e-con e-child\" data-id=\"48b2bef\" data-element_type=\"container\" data-e-type=\"container\">\n\t\t\t\t<div class=\"elementor-element elementor-element-68c0740 elementor-widget__width-initial elementor-widget elementor-widget-text-editor\" data-id=\"68c0740\" data-element_type=\"widget\" data-e-type=\"widget\" data-widget_type=\"text-editor.default\">\n\t\t\t\t\t\t\t\t\t<p><strong>Demandez une d\u00e9monstration<\/strong> d\u00e8s aujourd&#8217;hui pour d\u00e9couvrir comment IMS fournit des informations op\u00e9rationnelles en temps r\u00e9el.<\/p>\t\t\t\t\t\t\t\t<\/div>\n\t\t\t\t<\/div>\n\t\t<div class=\"elementor-element elementor-element-d65b4ea e-con-full e-flex e-con e-child\" data-id=\"d65b4ea\" data-element_type=\"container\" data-e-type=\"container\">\n\t\t\t\t<div class=\"elementor-element elementor-element-46834c2 elementor-widget__width-auto elementor-align-right elementor-tablet-align-center elementor-mobile-align-center elementor-widget elementor-widget-button\" data-id=\"46834c2\" data-element_type=\"widget\" data-e-type=\"widget\" data-widget_type=\"button.default\">\n\t\t\t\t\t\t\t\t\t\t<a class=\"elementor-button elementor-button-link elementor-size-sm\" href=\"https:\/\/shoplogix.com\/fr\/coordonnees\/\">\n\t\t\t\t\t\t<span class=\"elementor-button-content-wrapper\">\n\t\t\t\t\t\t\t\t\t<span class=\"elementor-button-text\">Commencer<\/span>\n\t\t\t\t\t<\/span>\n\t\t\t\t\t<\/a>\n\t\t\t\t\t\t\t\t<\/div>\n\t\t\t\t<\/div>\n\t\t\t\t<\/div>\n\t\t\t\t<\/div>\n\t\t\t\t\t<\/div>\n\t\t\t\t<\/div>\n\t\t\t\t<\/div>\n\t\t","protected":false},"excerpt":{"rendered":"<p>Des solutions de surveillance intelligentes pour lib\u00e9rer le potentiel de votre usine Des informations en temps r\u00e9el pour r\u00e9duire les temps d&#8217;arr\u00eat , diminuer les co\u00fbts \u00e9nerg\u00e9tiques et optimiser l&#8217;efficacit\u00e9 de vos op\u00e9rations. Demander une d\u00e9mo Aper\u00e7u Shoplogix Intelligent Monitoring Solutions (IMS) est une suite de capteurs fonctionnant en continu et sans batterie, con\u00e7ue pour [&hellip;]<\/p>\n","protected":false},"author":5,"featured_media":0,"parent":0,"menu_order":197,"comment_status":"closed","ping_status":"closed","template":"","meta":{"_acf_changed":false,"footnotes":""},"class_list":["post-13039","page","type-page","status-publish","hentry"],"acf":[],"_links":{"self":[{"href":"https:\/\/shoplogix.com\/fr\/wp-json\/wp\/v2\/pages\/13039","targetHints":{"allow":["GET"]}}],"collection":[{"href":"https:\/\/shoplogix.com\/fr\/wp-json\/wp\/v2\/pages"}],"about":[{"href":"https:\/\/shoplogix.com\/fr\/wp-json\/wp\/v2\/types\/page"}],"author":[{"embeddable":true,"href":"https:\/\/shoplogix.com\/fr\/wp-json\/wp\/v2\/users\/5"}],"replies":[{"embeddable":true,"href":"https:\/\/shoplogix.com\/fr\/wp-json\/wp\/v2\/comments?post=13039"}],"version-history":[{"count":0,"href":"https:\/\/shoplogix.com\/fr\/wp-json\/wp\/v2\/pages\/13039\/revisions"}],"wp:attachment":[{"href":"https:\/\/shoplogix.com\/fr\/wp-json\/wp\/v2\/media?parent=13039"}],"curies":[{"name":"wp","href":"https:\/\/api.w.org\/{rel}","templated":true}]}}