{"id":13075,"date":"2025-03-11T22:19:27","date_gmt":"2025-03-11T22:19:27","guid":{"rendered":"https:\/\/slxtest.wpengine.com\/piattaforma-intelligente-scalabile\/"},"modified":"2026-01-26T15:43:50","modified_gmt":"2026-01-26T15:43:50","slug":"piattaforma-intelligente-scalabile","status":"publish","type":"page","link":"https:\/\/shoplogix.com\/it\/perche-shoplogix\/piattaforma-intelligente-scalabile\/","title":{"rendered":"Piattaforma intelligente scalabile"},"content":{"rendered":"\t\t<div data-elementor-type=\"wp-page\" data-elementor-id=\"13075\" class=\"elementor elementor-13075 elementor-8676\" data-elementor-post-type=\"page\">\n\t\t\t\t<div class=\"elementor-element elementor-element-8ca5714 hm-main-sec overflow-hidden e-flex e-con-boxed e-con e-parent\" data-id=\"8ca5714\" data-element_type=\"container\" data-e-type=\"container\" data-settings=\"{&quot;background_background&quot;:&quot;gradient&quot;}\">\n\t\t\t\t\t<div class=\"e-con-inner\">\n\t\t<div class=\"elementor-element elementor-element-a745819 e-con-full e-flex e-con e-child\" data-id=\"a745819\" data-element_type=\"container\" data-e-type=\"container\">\n\t\t\t\t<div class=\"elementor-element elementor-element-eec07d8 elementor-widget elementor-widget-image\" data-id=\"eec07d8\" data-element_type=\"widget\" data-e-type=\"widget\" data-widget_type=\"image.default\">\n\t\t\t\t\t\t\t\t\t\t\t\t\t\t\t<img decoding=\"async\" width=\"226\" height=\"56\" data-src=\"https:\/\/shoplogix.com\/wp-content\/uploads\/2025\/03\/Scalable-Smart-Platform.svg\" class=\"attachment-full size-full wp-image-13076 lazyload\" alt=\"\" src=\"data:image\/svg+xml;base64,PHN2ZyB3aWR0aD0iMSIgaGVpZ2h0PSIxIiB4bWxucz0iaHR0cDovL3d3dy53My5vcmcvMjAwMC9zdmciPjwvc3ZnPg==\" style=\"--smush-placeholder-width: 226px; --smush-placeholder-aspect-ratio: 226\/56;\" \/>\t\t\t\t\t\t\t\t\t\t\t\t\t\t\t<\/div>\n\t\t\t\t<div class=\"elementor-element elementor-element-79b90c6 elementor-widget__width-initial elementor-widget elementor-widget-heading\" data-id=\"79b90c6\" data-element_type=\"widget\" data-e-type=\"widget\" data-widget_type=\"heading.default\">\n\t\t\t\t\t<h1 class=\"elementor-heading-title elementor-size-default\">Estendi le tue vittorie su pi\u00f9 impianti,\n senza i soliti dolori della crescita<\/h1>\t\t\t\t<\/div>\n\t\t<div class=\"elementor-element elementor-element-687285f e-con-full e-flex e-con e-child\" data-id=\"687285f\" data-element_type=\"container\" data-e-type=\"container\" data-settings=\"{&quot;background_background&quot;:&quot;classic&quot;}\">\n\t\t\t\t<div class=\"elementor-element elementor-element-5079e28 elementor-widget__width-initial elementor-widget elementor-widget-text-editor\" data-id=\"5079e28\" data-element_type=\"widget\" data-e-type=\"widget\" data-widget_type=\"text-editor.default\">\n\t\t\t\t\t\t\t\t\t<p><strong>Da oltre 20 anni aiutiamo i produttori ad ampliare il monitoraggio in tutti gli stabilimenti e in tutte le regioni.<\/strong>  La nostra piattaforma \u00e8 cos\u00ec flessibile che qualsiasi errore di configurazione pu\u00f2 essere facilmente annullato senza mal di testa<\/p>\t\t\t\t\t\t\t\t<\/div>\n\t\t\t\t<div class=\"elementor-element elementor-element-165e805 elementor-widget__width-initial elementor-align-right elementor-mobile-align-center elementor-widget elementor-widget-button\" data-id=\"165e805\" data-element_type=\"widget\" data-e-type=\"widget\" data-widget_type=\"button.default\">\n\t\t\t\t\t\t\t\t\t\t<a class=\"elementor-button elementor-button-link elementor-size-sm\" href=\"https:\/\/shoplogix.com\/it\/informazioni-di-contatto\/\">\n\t\t\t\t\t\t<span class=\"elementor-button-content-wrapper\">\n\t\t\t\t\t\t\t\t\t<span class=\"elementor-button-text\">Per iniziare<\/span>\n\t\t\t\t\t<\/span>\n\t\t\t\t\t<\/a>\n\t\t\t\t\t\t\t\t<\/div>\n\t\t\t\t<\/div>\n\t\t\t\t<div class=\"elementor-element elementor-element-f149bb6 elementor-hidden-mobile elementor-widget elementor-widget-image\" data-id=\"f149bb6\" data-element_type=\"widget\" data-e-type=\"widget\" data-widget_type=\"image.default\">\n\t\t\t\t\t\t\t\t\t\t\t\t\t\t\t<img fetchpriority=\"high\" decoding=\"async\" width=\"996\" height=\"379\" src=\"https:\/\/shoplogix.com\/wp-content\/uploads\/2025\/03\/Scale-your-wins.jpg\" class=\"attachment-full size-full wp-image-13078\" alt=\"\" srcset=\"https:\/\/shoplogix.wpenginepowered.com\/wp-content\/uploads\/2025\/03\/Scale-your-wins.jpg 996w, https:\/\/shoplogix.wpenginepowered.com\/wp-content\/uploads\/2025\/03\/Scale-your-wins-300x114.jpg 300w, https:\/\/shoplogix.wpenginepowered.com\/wp-content\/uploads\/2025\/03\/Scale-your-wins-768x292.jpg 768w\" sizes=\"(max-width: 996px) 100vw, 996px\" \/>\t\t\t\t\t\t\t\t\t\t\t\t\t\t\t<\/div>\n\t\t\t\t<div class=\"elementor-element elementor-element-d78030f elementor-hidden-desktop elementor-hidden-tablet elementor-widget elementor-widget-image\" data-id=\"d78030f\" data-element_type=\"widget\" data-e-type=\"widget\" data-widget_type=\"image.default\">\n\t\t\t\t\t\t\t\t\t\t\t\t\t\t\t<img decoding=\"async\" width=\"480\" height=\"569\" data-src=\"https:\/\/shoplogix.com\/wp-content\/uploads\/2025\/03\/Image-2.jpg\" class=\"attachment-full size-full wp-image-13084 lazyload\" alt=\"\" data-srcset=\"https:\/\/shoplogix.wpenginepowered.com\/wp-content\/uploads\/2025\/03\/Image-2.jpg 480w, https:\/\/shoplogix.wpenginepowered.com\/wp-content\/uploads\/2025\/03\/Image-2-253x300.jpg 253w\" data-sizes=\"(max-width: 480px) 100vw, 480px\" src=\"data:image\/svg+xml;base64,PHN2ZyB3aWR0aD0iMSIgaGVpZ2h0PSIxIiB4bWxucz0iaHR0cDovL3d3dy53My5vcmcvMjAwMC9zdmciPjwvc3ZnPg==\" style=\"--smush-placeholder-width: 480px; --smush-placeholder-aspect-ratio: 480\/569;\" \/>\t\t\t\t\t\t\t\t\t\t\t\t\t\t\t<\/div>\n\t\t\t\t<\/div>\n\t\t\t\t\t<\/div>\n\t\t\t\t<\/div>\n\t\t<div class=\"elementor-element elementor-element-5d2cc5e e-con-full fade-25 e-flex e-con e-parent\" data-id=\"5d2cc5e\" data-element_type=\"container\" data-e-type=\"container\">\n\t\t<div class=\"elementor-element elementor-element-8d89bb2 e-con-full e-flex e-con e-child\" data-id=\"8d89bb2\" data-element_type=\"container\" data-e-type=\"container\">\n\t\t\t\t<\/div>\n\t\t\t\t<\/div>\n\t\t<div class=\"elementor-element elementor-element-4f2c36d e-flex e-con-boxed e-con e-parent\" data-id=\"4f2c36d\" data-element_type=\"container\" data-e-type=\"container\">\n\t\t\t\t\t<div class=\"e-con-inner\">\n\t\t<div class=\"elementor-element elementor-element-9c70ba0 e-con-full e-flex e-con e-child\" data-id=\"9c70ba0\" data-element_type=\"container\" data-e-type=\"container\">\n\t\t\t\t<div class=\"elementor-element elementor-element-617aa16 elementor-widget elementor-widget-image\" data-id=\"617aa16\" data-element_type=\"widget\" data-e-type=\"widget\" data-widget_type=\"image.default\">\n\t\t\t\t\t\t\t\t\t\t\t\t\t\t\t<img decoding=\"async\" width=\"500\" height=\"540\" data-src=\"https:\/\/shoplogix.com\/wp-content\/uploads\/2025\/03\/Add-more-plants-.jpg\" class=\"attachment-large size-large wp-image-13080 lazyload\" alt=\"\" data-srcset=\"https:\/\/shoplogix.wpenginepowered.com\/wp-content\/uploads\/2025\/03\/Add-more-plants-.jpg 500w, https:\/\/shoplogix.wpenginepowered.com\/wp-content\/uploads\/2025\/03\/Add-more-plants--278x300.jpg 278w\" data-sizes=\"(max-width: 500px) 100vw, 500px\" src=\"data:image\/svg+xml;base64,PHN2ZyB3aWR0aD0iMSIgaGVpZ2h0PSIxIiB4bWxucz0iaHR0cDovL3d3dy53My5vcmcvMjAwMC9zdmciPjwvc3ZnPg==\" style=\"--smush-placeholder-width: 500px; --smush-placeholder-aspect-ratio: 500\/540;\" \/>\t\t\t\t\t\t\t\t\t\t\t\t\t\t\t<\/div>\n\t\t\t\t<\/div>\n\t\t<div class=\"elementor-element elementor-element-c0f6047 e-con-full e-flex e-con e-child\" data-id=\"c0f6047\" data-element_type=\"container\" data-e-type=\"container\">\n\t\t\t\t<div class=\"elementor-element elementor-element-f1b76aa elementor-widget elementor-widget-heading\" data-id=\"f1b76aa\" data-element_type=\"widget\" data-e-type=\"widget\" data-widget_type=\"heading.default\">\n\t\t\t\t\t<h2 class=\"elementor-heading-title elementor-size-default\">Aggiungi pi\u00f9 piante e divisioni al tuo\n proprio ritmo<\/h2>\t\t\t\t<\/div>\n\t\t\t\t<div class=\"elementor-element elementor-element-3619340 elementor-widget__width-initial elementor-widget elementor-widget-text-editor\" data-id=\"3619340\" data-element_type=\"widget\" data-e-type=\"widget\" data-widget_type=\"text-editor.default\">\n\t\t\t\t\t\t\t\t\t<p><strong>Comprendiamo le preoccupazioni legate all&#8217;espansione delle vostre operazioni digitali.<\/strong>  I nuovi requisiti solitamente comportano nuovi grattacapi per l&#8217;integrazione. Non con Shoplogix. Per oltre 20 anni, abbiamo collaborato con produttori e confezionatori per iniziare in piccolo, ottenere alcuni successi e poi replicarli su pi\u00f9 macchine, pi\u00f9 linee e, infine, su pi\u00f9 stabilimenti e regioni. Decidete voi quando la vostra organizzazione desidera espandersi, solo dopo aver visto i vantaggi che Shoplogix offre.   <\/p>\t\t\t\t\t\t\t\t<\/div>\n\t\t\t\t<div class=\"elementor-element elementor-element-36b5dbe elementor-tablet-align-start hm-txt2 elementor-icon-list--layout-traditional elementor-list-item-link-full_width elementor-widget elementor-widget-icon-list\" data-id=\"36b5dbe\" data-element_type=\"widget\" data-e-type=\"widget\" data-widget_type=\"icon-list.default\">\n\t\t\t\t\t\t\t<ul class=\"elementor-icon-list-items\">\n\t\t\t\t\t\t\t<li class=\"elementor-icon-list-item\">\n\t\t\t\t\t\t\t\t\t\t\t<span class=\"elementor-icon-list-icon\">\n\t\t\t\t\t\t\t<svg xmlns=\"http:\/\/www.w3.org\/2000\/svg\" width=\"24\" height=\"25\" viewBox=\"0 0 24 25\" fill=\"none\"><circle cx=\"12\" cy=\"12.5\" r=\"12\" fill=\"#currentColor\"><\/circle><path d=\"M6 11.8333L10.3333 16.1667L18 8.5\" stroke=\"#E8ECEE\" stroke-width=\"2\"><\/path><\/svg>\t\t\t\t\t\t<\/span>\n\t\t\t\t\t\t\t\t\t\t<span class=\"elementor-icon-list-text\"><b>Espandi facilmente il monitoraggio della produzione<\/b> con impostazioni predefinite a livello aziendale<\/span>\n\t\t\t\t\t\t\t\t\t<\/li>\n\t\t\t\t\t\t\t\t<li class=\"elementor-icon-list-item\">\n\t\t\t\t\t\t\t\t\t\t\t<span class=\"elementor-icon-list-icon\">\n\t\t\t\t\t\t\t<svg xmlns=\"http:\/\/www.w3.org\/2000\/svg\" width=\"24\" height=\"25\" viewBox=\"0 0 24 25\" fill=\"none\"><circle cx=\"12\" cy=\"12.5\" r=\"12\" fill=\"#currentColor\"><\/circle><path d=\"M6 11.8333L10.3333 16.1667L18 8.5\" stroke=\"#E8ECEE\" stroke-width=\"2\"><\/path><\/svg>\t\t\t\t\t\t<\/span>\n\t\t\t\t\t\t\t\t\t\t<span class=\"elementor-icon-list-text\"><b>Risparmia tempo con modelli<\/b> per categorie di perdite, classificazioni di macchine, KPI e altro ancora<\/span>\n\t\t\t\t\t\t\t\t\t<\/li>\n\t\t\t\t\t\t\t\t<li class=\"elementor-icon-list-item\">\n\t\t\t\t\t\t\t\t\t\t\t<span class=\"elementor-icon-list-icon\">\n\t\t\t\t\t\t\t<svg xmlns=\"http:\/\/www.w3.org\/2000\/svg\" width=\"24\" height=\"25\" viewBox=\"0 0 24 25\" fill=\"none\"><circle cx=\"12\" cy=\"12.5\" r=\"12\" fill=\"#currentColor\"><\/circle><path d=\"M6 11.8333L10.3333 16.1667L18 8.5\" stroke=\"#E8ECEE\" stroke-width=\"2\"><\/path><\/svg>\t\t\t\t\t\t<\/span>\n\t\t\t\t\t\t\t\t\t\t<span class=\"elementor-icon-list-text\"><b>Ottieni visibilit\u00e0<\/b> sull'intera organizzazione con metriche standardizzate<\/span>\n\t\t\t\t\t\t\t\t\t<\/li>\n\t\t\t\t\t\t<\/ul>\n\t\t\t\t\t\t<\/div>\n\t\t\t\t<\/div>\n\t\t\t\t\t<\/div>\n\t\t\t\t<\/div>\n\t\t<div class=\"elementor-element elementor-element-8d2eee5 e-flex e-con-boxed e-con e-parent\" data-id=\"8d2eee5\" data-element_type=\"container\" data-e-type=\"container\">\n\t\t\t\t\t<div class=\"e-con-inner\">\n\t\t<div class=\"elementor-element elementor-element-2d938e1 e-con-full e-flex e-con e-child\" data-id=\"2d938e1\" data-element_type=\"container\" data-e-type=\"container\" data-settings=\"{&quot;background_background&quot;:&quot;classic&quot;}\">\n\t\t<div class=\"elementor-element elementor-element-314ef52 e-grid e-con-boxed e-con e-child\" data-id=\"314ef52\" data-element_type=\"container\" data-e-type=\"container\">\n\t\t\t\t\t<div class=\"e-con-inner\">\n\t\t<div class=\"elementor-element elementor-element-a4ae357 e-con-full e-flex e-con e-child\" data-id=\"a4ae357\" data-element_type=\"container\" data-e-type=\"container\">\n\t\t\t\t<div class=\"elementor-element elementor-element-9b0488f elementor-widget elementor-widget-heading\" data-id=\"9b0488f\" data-element_type=\"widget\" data-e-type=\"widget\" data-widget_type=\"heading.default\">\n\t\t\t\t\t<h2 class=\"elementor-heading-title elementor-size-default\">Temi di commettere un errore nella tua configurazione? Modifica facilmente i dati storici ogni volta che ne hai bisogno. <\/h2>\t\t\t\t<\/div>\n\t\t\t\t<div class=\"elementor-element elementor-element-13d2319 elementor-widget__width-initial elementor-widget elementor-widget-text-editor\" data-id=\"13d2319\" data-element_type=\"widget\" data-e-type=\"widget\" data-widget_type=\"text-editor.default\">\n\t\t\t\t\t\t\t\t\t<p><strong>I produttori operano in un ambiente dinamico e frenetico, in cui i cambiamenti sono frequenti.<\/strong>  Abbiamo creato una piattaforma che ti consente di apportare modifiche con facilit\u00e0 e di garantire che il tuo impianto si adatti rapidamente ai cambiamenti di programmazione, flusso di lavoro e personale, garantendo al contempo l&#8217;integrit\u00e0 dei dati.<\/p>\t\t\t\t\t\t\t\t<\/div>\n\t\t\t\t<div class=\"elementor-element elementor-element-bce6606 hm-txt2 elementor-tablet-align-start elementor-icon-list--layout-traditional elementor-list-item-link-full_width elementor-widget elementor-widget-icon-list\" data-id=\"bce6606\" data-element_type=\"widget\" data-e-type=\"widget\" data-widget_type=\"icon-list.default\">\n\t\t\t\t\t\t\t<ul class=\"elementor-icon-list-items\">\n\t\t\t\t\t\t\t<li class=\"elementor-icon-list-item\">\n\t\t\t\t\t\t\t\t\t\t\t<span class=\"elementor-icon-list-icon\">\n\t\t\t\t\t\t\t<svg xmlns=\"http:\/\/www.w3.org\/2000\/svg\" width=\"24\" height=\"25\" viewBox=\"0 0 24 25\" fill=\"none\"><circle cx=\"12\" cy=\"12.5\" r=\"12\" fill=\"#currentColor\"><\/circle><path d=\"M6 11.8333L10.3333 16.1667L18 8.5\" stroke=\"#E8ECEE\" stroke-width=\"2\"><\/path><\/svg>\t\t\t\t\t\t<\/span>\n\t\t\t\t\t\t\t\t\t\t<span class=\"elementor-icon-list-text\"><b>Annulla qualsiasi errore<\/b> senza preoccuparti dell'integrit\u00e0 dei dati<\/span>\n\t\t\t\t\t\t\t\t\t<\/li>\n\t\t\t\t\t\t\t\t<li class=\"elementor-icon-list-item\">\n\t\t\t\t\t\t\t\t\t\t\t<span class=\"elementor-icon-list-icon\">\n\t\t\t\t\t\t\t<svg xmlns=\"http:\/\/www.w3.org\/2000\/svg\" width=\"24\" height=\"25\" viewBox=\"0 0 24 25\" fill=\"none\"><circle cx=\"12\" cy=\"12.5\" r=\"12\" fill=\"#currentColor\"><\/circle><path d=\"M6 11.8333L10.3333 16.1667L18 8.5\" stroke=\"#E8ECEE\" stroke-width=\"2\"><\/path><\/svg>\t\t\t\t\t\t<\/span>\n\t\t\t\t\t\t\t\t\t\t<span class=\"elementor-icon-list-text\"><b>Modifica facilmente<\/b> i dati storici in qualsiasi momento<\/span>\n\t\t\t\t\t\t\t\t\t<\/li>\n\t\t\t\t\t\t\t\t<li class=\"elementor-icon-list-item\">\n\t\t\t\t\t\t\t\t\t\t\t<span class=\"elementor-icon-list-icon\">\n\t\t\t\t\t\t\t<svg xmlns=\"http:\/\/www.w3.org\/2000\/svg\" width=\"24\" height=\"25\" viewBox=\"0 0 24 25\" fill=\"none\"><circle cx=\"12\" cy=\"12.5\" r=\"12\" fill=\"#currentColor\"><\/circle><path d=\"M6 11.8333L10.3333 16.1667L18 8.5\" stroke=\"#E8ECEE\" stroke-width=\"2\"><\/path><\/svg>\t\t\t\t\t\t<\/span>\n\t\t\t\t\t\t\t\t\t\t<span class=\"elementor-icon-list-text\"><b>Configurazione flessibile<\/b> per rivedere i tuoi turni, lavori o obiettivi ogni volta che ne hai bisogno<\/span>\n\t\t\t\t\t\t\t\t\t<\/li>\n\t\t\t\t\t\t<\/ul>\n\t\t\t\t\t\t<\/div>\n\t\t\t\t<\/div>\n\t\t<div class=\"elementor-element elementor-element-8a6d9a4 e-con-full e-flex e-con e-child\" data-id=\"8a6d9a4\" data-element_type=\"container\" data-e-type=\"container\">\n\t\t\t\t<div class=\"elementor-element elementor-element-c2a1d4b elementor-widget-tablet__width-inherit elementor-widget elementor-widget-image\" data-id=\"c2a1d4b\" data-element_type=\"widget\" data-e-type=\"widget\" data-widget_type=\"image.default\">\n\t\t\t\t\t\t\t\t\t\t\t\t\t\t\t<img decoding=\"async\" width=\"750\" height=\"917\" data-src=\"https:\/\/shoplogix.com\/wp-content\/uploads\/2025\/03\/Worried-about-making-a-mistake-in-your-configuration-Easily-adjust-historical-data-anytime-you-need.jpg\" class=\"attachment-full size-full wp-image-13082 lazyload\" alt=\"\" data-srcset=\"https:\/\/shoplogix.wpenginepowered.com\/wp-content\/uploads\/2025\/03\/Worried-about-making-a-mistake-in-your-configuration-Easily-adjust-historical-data-anytime-you-need.jpg 750w, https:\/\/shoplogix.wpenginepowered.com\/wp-content\/uploads\/2025\/03\/Worried-about-making-a-mistake-in-your-configuration-Easily-adjust-historical-data-anytime-you-need-245x300.jpg 245w\" data-sizes=\"(max-width: 750px) 100vw, 750px\" src=\"data:image\/svg+xml;base64,PHN2ZyB3aWR0aD0iMSIgaGVpZ2h0PSIxIiB4bWxucz0iaHR0cDovL3d3dy53My5vcmcvMjAwMC9zdmciPjwvc3ZnPg==\" style=\"--smush-placeholder-width: 750px; --smush-placeholder-aspect-ratio: 750\/917;\" \/>\t\t\t\t\t\t\t\t\t\t\t\t\t\t\t<\/div>\n\t\t\t\t<\/div>\n\t\t\t\t\t<\/div>\n\t\t\t\t<\/div>\n\t\t\t\t<\/div>\n\t\t\t\t\t<\/div>\n\t\t\t\t<\/div>\n\t\t<div class=\"elementor-element elementor-element-03899ea e-flex e-con-boxed e-con e-parent\" data-id=\"03899ea\" data-element_type=\"container\" data-e-type=\"container\">\n\t\t\t\t\t<div class=\"e-con-inner\">\n\t\t<div class=\"elementor-element elementor-element-a112671 e-grid e-con-boxed e-con e-child\" data-id=\"a112671\" data-element_type=\"container\" data-e-type=\"container\" data-settings=\"{&quot;background_background&quot;:&quot;classic&quot;}\">\n\t\t\t\t\t<div class=\"e-con-inner\">\n\t\t<div class=\"elementor-element elementor-element-86e9bc4 e-con-full e-flex e-con e-child\" data-id=\"86e9bc4\" data-element_type=\"container\" data-e-type=\"container\">\n\t\t\t\t<div class=\"elementor-element elementor-element-467a121 elementor-widget elementor-widget-heading\" data-id=\"467a121\" data-element_type=\"widget\" data-e-type=\"widget\" data-widget_type=\"heading.default\">\n\t\t\t\t\t<h2 class=\"elementor-heading-title elementor-size-default\">Vuoi saperne di pi\u00f9?<\/h2>\t\t\t\t<\/div>\n\t\t\t\t<\/div>\n\t\t<div class=\"elementor-element elementor-element-8f7eb5b e-con-full e-grid e-con e-child\" data-id=\"8f7eb5b\" data-element_type=\"container\" data-e-type=\"container\" data-settings=\"{&quot;background_background&quot;:&quot;classic&quot;}\">\n\t\t\t\t<div class=\"elementor-element elementor-element-4fd743a elementor-widget elementor-widget-text-editor\" data-id=\"4fd743a\" data-element_type=\"widget\" data-e-type=\"widget\" data-widget_type=\"text-editor.default\">\n\t\t\t\t\t\t\t\t\t<p>Partecipa a una chiamata strategica senza impegno per scoprire di pi\u00f9 sul nostro programma pilota o guarda la nostra demo interattiva<\/p>\t\t\t\t\t\t\t\t<\/div>\n\t\t<div class=\"elementor-element elementor-element-4d9f66a e-con-full e-flex e-con e-child\" data-id=\"4d9f66a\" data-element_type=\"container\" data-e-type=\"container\">\n\t\t\t\t<div class=\"elementor-element elementor-element-6deaff9 elementor-mobile-align-center elementor-widget elementor-widget-button\" data-id=\"6deaff9\" data-element_type=\"widget\" data-e-type=\"widget\" data-widget_type=\"button.default\">\n\t\t\t\t\t\t\t\t\t\t<a class=\"elementor-button elementor-button-link elementor-size-sm\" href=\"https:\/\/shoplogix.com\/it\/richiesta-demo-di-2-minuti\/\">\n\t\t\t\t\t\t<span class=\"elementor-button-content-wrapper\">\n\t\t\t\t\t\t<span class=\"elementor-button-icon\">\n\t\t\t\t<svg aria-hidden=\"true\" class=\"e-font-icon-svg e-fas-play\" viewBox=\"0 0 448 512\" xmlns=\"http:\/\/www.w3.org\/2000\/svg\"><path d=\"M424.4 214.7L72.4 6.6C43.8-10.3 0 6.1 0 47.9V464c0 37.5 40.7 60.1 72.4 41.3l352-208c31.4-18.5 31.5-64.1 0-82.6z\"><\/path><\/svg>\t\t\t<\/span>\n\t\t\t\t\t\t\t\t\t<span class=\"elementor-button-text\">Guarda la demo<\/span>\n\t\t\t\t\t<\/span>\n\t\t\t\t\t<\/a>\n\t\t\t\t\t\t\t\t<\/div>\n\t\t\t\t<div class=\"elementor-element elementor-element-e3994c2 elementor-widget__width-auto elementor-widget elementor-widget-button\" data-id=\"e3994c2\" data-element_type=\"widget\" data-e-type=\"widget\" data-widget_type=\"button.default\">\n\t\t\t\t\t\t\t\t\t\t<a class=\"elementor-button elementor-button-link elementor-size-sm\" href=\"https:\/\/shoplogix.com\/it\/informazioni-di-contatto\/\">\n\t\t\t\t\t\t<span class=\"elementor-button-content-wrapper\">\n\t\t\t\t\t\t\t\t\t<span class=\"elementor-button-text\">Per iniziare<\/span>\n\t\t\t\t\t<\/span>\n\t\t\t\t\t<\/a>\n\t\t\t\t\t\t\t\t<\/div>\n\t\t\t\t<\/div>\n\t\t\t\t<\/div>\n\t\t\t\t\t<\/div>\n\t\t\t\t<\/div>\n\t\t\t\t\t<\/div>\n\t\t\t\t<\/div>\n\t\t\t\t<\/div>\n\t\t","protected":false},"excerpt":{"rendered":"<p>Estendi le tue vittorie su pi\u00f9 impianti, senza i soliti dolori della crescita Da oltre 20 anni aiutiamo i produttori ad ampliare il monitoraggio in tutti gli stabilimenti e in tutte le regioni. La nostra piattaforma \u00e8 cos\u00ec flessibile che qualsiasi errore di configurazione pu\u00f2 essere facilmente annullato senza mal di testa Per iniziare Aggiungi [&hellip;]<\/p>\n","protected":false},"author":2,"featured_media":0,"parent":13314,"menu_order":233,"comment_status":"closed","ping_status":"closed","template":"","meta":{"_acf_changed":false,"footnotes":""},"class_list":["post-13075","page","type-page","status-publish","hentry"],"acf":[],"_links":{"self":[{"href":"https:\/\/shoplogix.com\/it\/wp-json\/wp\/v2\/pages\/13075","targetHints":{"allow":["GET"]}}],"collection":[{"href":"https:\/\/shoplogix.com\/it\/wp-json\/wp\/v2\/pages"}],"about":[{"href":"https:\/\/shoplogix.com\/it\/wp-json\/wp\/v2\/types\/page"}],"author":[{"embeddable":true,"href":"https:\/\/shoplogix.com\/it\/wp-json\/wp\/v2\/users\/2"}],"replies":[{"embeddable":true,"href":"https:\/\/shoplogix.com\/it\/wp-json\/wp\/v2\/comments?post=13075"}],"version-history":[{"count":0,"href":"https:\/\/shoplogix.com\/it\/wp-json\/wp\/v2\/pages\/13075\/revisions"}],"up":[{"embeddable":true,"href":"https:\/\/shoplogix.com\/it\/wp-json\/wp\/v2\/pages\/13314"}],"wp:attachment":[{"href":"https:\/\/shoplogix.com\/it\/wp-json\/wp\/v2\/media?parent=13075"}],"curies":[{"name":"wp","href":"https:\/\/api.w.org\/{rel}","templated":true}]}}